{"id":227,"date":"2018-05-21T10:48:03","date_gmt":"2018-05-21T08:48:03","guid":{"rendered":"https:\/\/eyetific.com\/?page_id=227"},"modified":"2021-11-28T12:46:43","modified_gmt":"2021-11-28T11:46:43","slug":"angebote","status":"publish","type":"page","link":"https:\/\/eyetific.com\/de\/angebote\/","title":{"rendered":"Angebote"},"content":{"rendered":"<div id=\"pl-227\"  class=\"panel-layout\" ><div id=\"pg-227-0\"  class=\"panel-grid panel-no-style\" ><div id=\"pgc-227-0-0\"  class=\"panel-grid-cell\" ><div id=\"panel-227-0-0-0\" class=\"so-panel widget widget_sow-editor panel-first-child panel-last-child\" data-index=\"0\" ><div\n\t\t\t\n\t\t\tclass=\"so-widget-sow-editor so-widget-sow-editor-base\"\n\t\t\t\n\t\t>\n<div class=\"siteorigin-widget-tinymce textwidget\">\n\t<h2>ONLINE SCHULUNG<\/h2>\n<p>Optik Weiterbildung bietet eine Online Plattform zur Weiterbildung von Augenspezialisten mit unterschiedlichen Themenbereiche. Hierzu bieten wir einen umfassenden Kurs rund um das Thema \"<a href=\"https:\/\/optik-weiterbildung.com\/\" target=\"_blank\" rel=\"noopener\">Myopia Management bei Kinder und Jugendlichen<\/a>\". Unterschiedliche Experten halten dazu Pr\u00e4sentationen zu ihrem Spezialgebiet. Dieser Kurs bietet eine Zertifizierung zum MyopiaCare Spezialisten.<\/p>\n<h3>Zur\u00a0<a href=\"https:\/\/optik-weiterbildung.com\/\" target=\"_blank\" rel=\"noopener\">OPTIK WEITERBILDUNG<\/a>\u00a0Webseite<\/h3>\n<\/div>\n<\/div><\/div><\/div><div id=\"pgc-227-0-1\"  class=\"panel-grid-cell\" ><div id=\"panel-227-0-1-0\" class=\"so-panel widget widget_sow-image panel-first-child panel-last-child\" data-index=\"1\" ><div\n\t\t\t\n\t\t\tclass=\"so-widget-sow-image so-widget-sow-image-default-8b5b6f678277-227\"\n\t\t\t\n\t\t>\n\n<div class=\"sow-image-container\">\n\t\t\t<a href=\"https:\/\/optik-weiterbildung.com\/\"\n\t\t\ttarget=\"_blank\" rel=\"noopener noreferrer\" \t\t>\n\t\t\t<img loading=\"lazy\" decoding=\"async\" src=\"https:\/\/eyetific.com\/wp-content\/uploads\/2018\/11\/optik-weiterbildung.png\" width=\"1525\" height=\"592\" srcset=\"https:\/\/eyetific.com\/wp-content\/uploads\/2018\/11\/optik-weiterbildung.png 1525w, https:\/\/eyetific.com\/wp-content\/uploads\/2018\/11\/optik-weiterbildung-300x116.png 300w, https:\/\/eyetific.com\/wp-content\/uploads\/2018\/11\/optik-weiterbildung-768x298.png 768w, https:\/\/eyetific.com\/wp-content\/uploads\/2018\/11\/optik-weiterbildung-1024x398.png 1024w, https:\/\/eyetific.com\/wp-content\/uploads\/2018\/11\/optik-weiterbildung-510x198.png 510w\" sizes=\"(max-width: 1525px) 100vw, 1525px\" alt=\"optik-weiterbildung.com\" \t\tclass=\"so-widget-image\"\/>\n\t<\/a><\/div>\n\n<\/div><\/div><\/div><\/div><div id=\"pg-227-1\"  class=\"panel-grid panel-no-style\" ><div id=\"pgc-227-1-0\"  class=\"panel-grid-cell\" ><div id=\"panel-227-1-0-0\" class=\"so-panel widget widget_sow-editor panel-first-child panel-last-child\" data-index=\"2\" ><div\n\t\t\t\n\t\t\tclass=\"so-widget-sow-editor so-widget-sow-editor-base\"\n\t\t\t\n\t\t>\n<div class=\"siteorigin-widget-tinymce textwidget\">\n\t<h2>ONLINE WEBINARE - die WebiNights<\/h2>\n<p>Eine der erfolgreichsten Online Plattformen f\u00fcr Webinare in der Ophthalmologie, Augenoptik und Optometrie. Mit interprofessionellen Weiterbildungsangeboten zu spezifischen Themen wie Myopie Management, Keratokonus und dem trockenen Auge.<\/p>\n<h3>Zur <a href=\"https:\/\/webinights.ch\/\" target=\"_blank\" rel=\"noopener\">WebiNights<\/a> Webseite<\/h3>\n<\/div>\n<\/div><\/div><\/div><div id=\"pgc-227-1-1\"  class=\"panel-grid-cell\" ><div id=\"panel-227-1-1-0\" class=\"so-panel widget widget_sow-image panel-first-child panel-last-child\" data-index=\"3\" ><div\n\t\t\t\n\t\t\tclass=\"so-widget-sow-image so-widget-sow-image-default-8b5b6f678277-227\"\n\t\t\t\n\t\t>\n\n<div class=\"sow-image-container\">\n\t\t\t<a href=\"https:\/\/webinights.ch\/\"\n\t\t\ttarget=\"_blank\" rel=\"noopener noreferrer\" \t\t>\n\t\t\t<img loading=\"lazy\" decoding=\"async\" src=\"https:\/\/eyetific.com\/wp-content\/uploads\/2021\/11\/webinights.png\" width=\"1754\" height=\"857\" srcset=\"https:\/\/eyetific.com\/wp-content\/uploads\/2021\/11\/webinights.png 1754w, https:\/\/eyetific.com\/wp-content\/uploads\/2021\/11\/webinights-300x147.png 300w, https:\/\/eyetific.com\/wp-content\/uploads\/2021\/11\/webinights-1024x500.png 1024w, https:\/\/eyetific.com\/wp-content\/uploads\/2021\/11\/webinights-768x375.png 768w, https:\/\/eyetific.com\/wp-content\/uploads\/2021\/11\/webinights-1536x750.png 1536w, https:\/\/eyetific.com\/wp-content\/uploads\/2021\/11\/webinights-510x249.png 510w, https:\/\/eyetific.com\/wp-content\/uploads\/2021\/11\/webinights-123x60.png 123w, https:\/\/eyetific.com\/wp-content\/uploads\/2021\/11\/webinights-184x90.png 184w\" sizes=\"(max-width: 1754px) 100vw, 1754px\" alt=\"WebiNights\" \t\tclass=\"so-widget-image\"\/>\n\t<\/a><\/div>\n\n<\/div><\/div><\/div><\/div><div id=\"pg-227-2\"  class=\"panel-grid panel-no-style\" ><div id=\"pgc-227-2-0\"  class=\"panel-grid-cell\" ><div id=\"panel-227-2-0-0\" class=\"so-panel widget widget_sow-editor panel-first-child panel-last-child\" data-index=\"4\" ><div\n\t\t\t\n\t\t\tclass=\"so-widget-sow-editor so-widget-sow-editor-base\"\n\t\t\t\n\t\t>\n<div class=\"siteorigin-widget-tinymce textwidget\">\n\t<h2>MYOPIA.CARE<\/h2>\n<p>Mein gr\u00f6sstes Projekt. Mehr als ein Projekt. Eine Webapplikation mit Fragebogen und professionellem Management-Tool zur Myopiekontrolle.<\/p>\n<p>Zur Information und Weiterbildung f\u00fcr die Eltern und Augenspezialisten.<\/p>\n<p><a href=\"https:\/\/www.myopia.care\/index\" target=\"_blank\" rel=\"noopener\"><span style=\"color: #800000;\">ZUR\u00a0 WEBSEITE<\/span><\/a><\/p>\n<\/div>\n<\/div><\/div><\/div><\/div><div id=\"pg-227-3\"  class=\"panel-grid panel-no-style\" ><div id=\"pgc-227-3-0\"  class=\"panel-grid-cell\" ><div id=\"panel-227-3-0-0\" class=\"so-panel widget widget_sow-editor panel-first-child panel-last-child\" data-index=\"5\" ><div\n\t\t\t\n\t\t\tclass=\"so-widget-sow-editor so-widget-sow-editor-base\"\n\t\t\t\n\t\t>\n<div class=\"siteorigin-widget-tinymce textwidget\">\n\t<p><strong>\u2018myopia.care<sup>tm<\/sup>\u2019 ist ein wissenschaftlicher Ansatz, um die\u00a0Augenspezialisten betreffend der Myopie-Kontrolle in deren\u00a0Praxis zu unterst\u00fctzen<\/strong>\u00a0und das Risiko von Folgeerkrankungen\u00a0von einer fortschreitender Kurzsichtigkeit den betroffenen Kindern und deren Eltern zu erl\u00e4utern. Unter Verwendung des Fragebogens und weiterf\u00fchrenden Empfehlungen bietet \u2018myopia.care<sup>tm<\/sup>\u2019\u00a0einen ganzheitlichen Ansatz zur Vermeidung einer Epidemie an betroffenen Personen in dieser und zuk\u00fcnftigen Generationen.<\/p>\n<\/div>\n<\/div><\/div><\/div><div id=\"pgc-227-3-1\"  class=\"panel-grid-cell\" ><div id=\"panel-227-3-1-0\" class=\"so-panel widget widget_sow-image panel-first-child panel-last-child\" data-index=\"6\" ><div\n\t\t\t\n\t\t\tclass=\"so-widget-sow-image so-widget-sow-image-default-8b5b6f678277-227\"\n\t\t\t\n\t\t>\n\n<div class=\"sow-image-container\">\n\t\t<img loading=\"lazy\" decoding=\"async\" src=\"https:\/\/eyetific.com\/wp-content\/uploads\/2018\/06\/myopia-care-de.png\" width=\"1742\" height=\"721\" srcset=\"https:\/\/eyetific.com\/wp-content\/uploads\/2018\/06\/myopia-care-de.png 1742w, https:\/\/eyetific.com\/wp-content\/uploads\/2018\/06\/myopia-care-de-510x211.png 510w, https:\/\/eyetific.com\/wp-content\/uploads\/2018\/06\/myopia-care-de-300x124.png 300w, https:\/\/eyetific.com\/wp-content\/uploads\/2018\/06\/myopia-care-de-768x318.png 768w, https:\/\/eyetific.com\/wp-content\/uploads\/2018\/06\/myopia-care-de-1024x424.png 1024w\" sizes=\"(max-width: 1742px) 100vw, 1742px\" title=\"myopia care de\" alt=\"\" \t\tclass=\"so-widget-image\"\/>\n\t<\/div>\n\n<\/div><\/div><\/div><\/div><div id=\"pg-227-4\"  class=\"panel-grid panel-no-style\" ><div id=\"pgc-227-4-0\"  class=\"panel-grid-cell\" ><div id=\"panel-227-4-0-0\" class=\"so-panel widget widget_sow-editor panel-first-child panel-last-child\" data-index=\"7\" ><div\n\t\t\t\n\t\t\tclass=\"so-widget-sow-editor so-widget-sow-editor-base\"\n\t\t\t\n\t\t>\n<div class=\"siteorigin-widget-tinymce textwidget\">\n\t<p><strong>\u2018myopia.care<sup>tm<\/sup>\u2019 ist die weltweit erste Komplettl\u00f6sung f\u00fcr Eltern, Kinder, Augenspezialisten\u00a0und Hersteller.<\/strong>\u00a0Die online basierende Applikation verf\u00fcgt \u00fcber einen \u00f6ffentlichen und einen f\u00fcr Spezialisten\u00a0gesch\u00fctzten Bereich. In beiden Bereichen gibt es jeweils ein Protokoll bzw. einen Fragenkatalog, welcher\u00a0durch einen Algorithmus zusammen das\u00a0<strong>Risiko einer Myopie-Entwicklung analysiert.<\/strong><\/p>\n<p><strong>Die von den Betroffenen angegebenen Informationen erm\u00f6glicht es, weiterf\u00fchrende Therapie-Ma\u00dfnahmen zu empfehlen.<\/strong>\u00a0Durch die Protokollierung des Spezialisten kann der\u00a0<strong>Verlauf<\/strong>, die\u00a0<strong>Wirksamkeit<\/strong>\u00a0der Therapie und weitere\u00a0<strong>Empfehlungen<\/strong>\u00a0dokumentiert werden.<\/p>\n<\/div>\n<\/div><\/div><\/div><\/div><div id=\"pg-227-5\"  class=\"panel-grid panel-no-style\" ><div id=\"pgc-227-5-0\"  class=\"panel-grid-cell\" ><div id=\"panel-227-5-0-0\" class=\"so-panel widget widget_sow-editor panel-first-child panel-last-child\" data-index=\"8\" ><div\n\t\t\t\n\t\t\tclass=\"so-widget-sow-editor so-widget-sow-editor-base\"\n\t\t\t\n\t\t>\n<div class=\"siteorigin-widget-tinymce textwidget\">\n\t<p><strong>\u2018myopia.care<sup>tm<\/sup>\u2019<\/strong>\u00a0bietet dar\u00fcber hinaus verschiedene Medien, um sich zu informieren, auszutauschen, sich weiterzubilden.<\/p>\n<p>Registrierte und zertifizierte Spezialisten finden die Betroffenen in der \"<a href=\"https:\/\/www.myopia.care\/specialist_finder\" target=\"_blank\" rel=\"noopener\">Ein Spezialist suchen<\/a>\" Karte.<\/p>\n<\/div>\n<\/div><\/div><\/div><div id=\"pgc-227-5-1\"  class=\"panel-grid-cell\" ><div id=\"panel-227-5-1-0\" class=\"so-panel widget widget_sow-image panel-first-child panel-last-child\" data-index=\"9\" ><div\n\t\t\t\n\t\t\tclass=\"so-widget-sow-image so-widget-sow-image-default-8b5b6f678277-227\"\n\t\t\t\n\t\t>\n\n<div class=\"sow-image-container\">\n\t\t\t<a href=\"https:\/\/eyetific.com\/wp-content\/uploads\/2018\/06\/karte.png\"\n\t\t\t\t\t>\n\t\t\t<img loading=\"lazy\" decoding=\"async\" src=\"https:\/\/eyetific.com\/wp-content\/uploads\/2018\/06\/karte.png\" width=\"1869\" height=\"749\" srcset=\"https:\/\/eyetific.com\/wp-content\/uploads\/2018\/06\/karte.png 1869w, https:\/\/eyetific.com\/wp-content\/uploads\/2018\/06\/karte-510x204.png 510w, https:\/\/eyetific.com\/wp-content\/uploads\/2018\/06\/karte-300x120.png 300w, https:\/\/eyetific.com\/wp-content\/uploads\/2018\/06\/karte-768x308.png 768w, https:\/\/eyetific.com\/wp-content\/uploads\/2018\/06\/karte-1024x410.png 1024w\" sizes=\"(max-width: 1869px) 100vw, 1869px\" alt=\"\" \t\tclass=\"so-widget-image\"\/>\n\t<\/a><\/div>\n\n<\/div><\/div><\/div><\/div><div id=\"pg-227-6\"  class=\"panel-grid panel-no-style\" ><div id=\"pgc-227-6-0\"  class=\"panel-grid-cell\" ><div id=\"panel-227-6-0-0\" class=\"so-panel widget widget_sow-editor panel-first-child\" data-index=\"10\" ><div\n\t\t\t\n\t\t\tclass=\"so-widget-sow-editor so-widget-sow-editor-base\"\n\t\t\t\n\t\t>\n<div class=\"siteorigin-widget-tinymce textwidget\">\n\t<h2>Unterst\u00fctzung der\u00a0Industrie im Myopie Management<\/h2>\n<p>wir unterst\u00fctzen mit unserem Team die Industrie in der Kommunikation, Entwicklung und Werbung von ihren Myopie Produkten.<\/p>\n<ul>\n<li>Review von Marketing Dokumente<\/li>\n<li>Gezielte E-Mailings an Myopie Spezialisten<\/li>\n<li>Entwicklung und Unterst\u00fctzung bei der Umsetzung von Softwares<\/li>\n<li>Beratung in der Kommunikation<\/li>\n<\/ul>\n<\/div>\n<\/div><\/div><div id=\"panel-227-6-0-1\" class=\"so-panel widget widget_sow-button panel-last-child\" data-index=\"11\" ><div\n\t\t\t\n\t\t\tclass=\"so-widget-sow-button so-widget-sow-button-atom-857739567c6a-227\"\n\t\t\t\n\t\t><div class=\"ow-button-base ow-button-align-center\">\n\t<a\n\thref=\"https:\/\/eyetific.com\/de\/kontakt\/\"\n\t\tclass=\"ow-icon-placement-left ow-button-hover\" \t>\n\t\t<span>\n\t\t\t<span class=\"sow-icon-fontawesome sow-far\" data-sow-icon=\"&#xf0e0;\"\n\t\tstyle=\"color: #dd3333\" \n\t\taria-hidden=\"true\"><\/span>\n\t\t\tKontaktieren Sie uns\t\t<\/span>\n\t<\/a>\n<\/div>\n<\/div><\/div><\/div><\/div><\/div>","protected":false},"excerpt":{"rendered":"<p>ONLINE SCHULUNG Optik Weiterbildung bietet eine Online Plattform zur Weiterbildung von Augenspezialisten mit unterschiedlichen Themenbereiche. Hierzu bieten wir einen umfassenden Kurs rund um das Thema &#8222;Myopia Management bei Kinder und Jugendlichen&#8220;. Unterschiedliche Experten halten dazu Pr\u00e4sentationen zu ihrem Spezialgebiet. Dieser &hellip; <a href=\"https:\/\/eyetific.com\/de\/angebote\/\">Weiterlesen<\/a><\/p>\n","protected":false},"author":1,"featured_media":131,"parent":0,"menu_order":0,"comment_status":"closed","ping_status":"closed","template":"","meta":{"footnotes":""},"_links":{"self":[{"href":"https:\/\/eyetific.com\/de\/wp-json\/wp\/v2\/pages\/227"}],"collection":[{"href":"https:\/\/eyetific.com\/de\/wp-json\/wp\/v2\/pages"}],"about":[{"href":"https:\/\/eyetific.com\/de\/wp-json\/wp\/v2\/types\/page"}],"author":[{"embeddable":true,"href":"https:\/\/eyetific.com\/de\/wp-json\/wp\/v2\/users\/1"}],"replies":[{"embeddable":true,"href":"https:\/\/eyetific.com\/de\/wp-json\/wp\/v2\/comments?post=227"}],"version-history":[{"count":35,"href":"https:\/\/eyetific.com\/de\/wp-json\/wp\/v2\/pages\/227\/revisions"}],"predecessor-version":[{"id":559,"href":"https:\/\/eyetific.com\/de\/wp-json\/wp\/v2\/pages\/227\/revisions\/559"}],"wp:featuredmedia":[{"embeddable":true,"href":"https:\/\/eyetific.com\/de\/wp-json\/wp\/v2\/media\/131"}],"wp:attachment":[{"href":"https:\/\/eyetific.com\/de\/wp-json\/wp\/v2\/media?parent=227"}],"curies":[{"name":"wp","href":"https:\/\/api.w.org\/{rel}","templated":true}]}}